{"id":3431,"date":"2021-03-09T16:14:22","date_gmt":"2021-03-09T16:14:22","guid":{"rendered":"http:\/\/freshkampo-en.intagono.com.mx\/?page_id=3431"},"modified":"2021-04-23T01:42:26","modified_gmt":"2021-04-23T01:42:26","slug":"agricultural-practices","status":"publish","type":"page","link":"https:\/\/freshkampo.com\/en\/agricultural-practices\/","title":{"rendered":"Agricultural Practices"},"content":{"rendered":"<div id='av_section_1'  class='avia-section main_color avia-section-default avia-no-border-styling  avia-full-stretch avia-bg-style-scroll  avia-builder-el-0  el_before_av_section  avia-builder-el-first   container_wrap sidebar_right' style='background-repeat: no-repeat; background-image: url(https:\/\/freshkampo.com\/en\/wp-content\/uploads\/2021\/03\/wrapper-practicas-min.jpg);background-attachment: scroll; background-position: top center;  '  data-section-bg-repeat='stretch'><div class='container' ><main  role=\"main\" itemprop=\"mainContentOfPage\"  class='template-page content  av-content-small alpha units'><div class='post-entry post-entry-type-page post-entry-3431'><div class='entry-content-wrapper clearfix'>\n<div class=\"flex_column av_one_full  flex_column_div av-zero-column-padding first  avia-builder-el-1  avia-builder-el-no-sibling  \" style='border-radius:0px; '><p><div  style='height:180px' class='hr hr-invisible  av-small-hide av-mini-hide  avia-builder-el-2  el_before_av_hr  avia-builder-el-first '><span class='hr-inner ' ><span class='hr-inner-style'><\/span><\/span><\/div><br \/>\n<div  style='height:100px' class='hr hr-invisible  av-desktop-hide av-medium-hide  avia-builder-el-3  el_after_av_hr  el_before_av_image '><span class='hr-inner ' ><span class='hr-inner-style'><\/span><\/span><\/div><br \/>\n<div  style='padding-bottom:0px; margin:0 0 0 0; color:#ffffff;font-size:50px;' class='av-special-heading av-special-heading-h6 custom-color-heading blockquote modern-quote modern-centered  av-inherit-size '><h6 class='av-special-heading-tag  av-medium-font-size-overwrite av-medium-font-size-45 av-small-font-size-overwrite av-small-font-size-40 av-mini-font-size-overwrite av-mini-font-size-36'  itemprop=\"headline\"  >Nuestras pr\u00e1cticas<\/h6><div class='special-heading-border'><div class='special-heading-inner-border' style='border-color:#ffffff'><\/div><\/div><\/div><br \/>\n<div  style='padding-bottom:0px; margin:10px 0 0 0; color:#ffffff;font-size:60px;' class='av-special-heading av-special-heading-h2 custom-color-heading blockquote modern-quote modern-centered  text-shadow leaf av-inherit-size '><h2 class='av-special-heading-tag  av-medium-font-size-overwrite av-medium-font-size-52 av-small-font-size-overwrite av-small-font-size-45 av-mini-font-size-overwrite av-mini-font-size-38'  itemprop=\"headline\"  ><span>de producci\u00f3n<\/span><\/h2><div class='special-heading-border'><div class='special-heading-inner-border' style='border-color:#ffffff'><\/div><\/div><\/div><br \/>\n<div  style='height:100px' class='hr hr-invisible  av-desktop-hide av-medium-hide '><span class='hr-inner ' ><span class='hr-inner-style'><\/span><\/span><\/div><br \/>\n<div  style='height:180px' class='hr hr-invisible  av-small-hide av-mini-hide '><span class='hr-inner ' ><span class='hr-inner-style'><\/span><\/span><\/div><\/p><\/div>\n\n<\/div><\/div><\/main><!-- close content main element --><\/div><\/div><div id='av_section_2'  class='avia-section main_color avia-section-default avia-no-border-styling  avia-bg-style-scroll   container_wrap sidebar_right' style=' margin-top:0px; margin-bottom:0px; '  ><div class='container' ><div class='template-page content  av-content-small alpha units'><div class='post-entry post-entry-type-page post-entry-3431'><div class='entry-content-wrapper clearfix'>\n<div class=\"flex_column av_one_full  flex_column_div av-zero-column-padding first  \" style='border-radius:0px; '><p><div  class='avia-image-container  av-styling-    avia-builder-el-4  el_after_av_hr  el_before_av_heading  avia-align-center '  itemprop=\"image\" itemscope=\"itemscope\" itemtype=\"https:\/\/schema.org\/ImageObject\"  ><div class='avia-image-container-inner'><div class='avia-image-overlay-wrap'><img class='wp-image-3155 avia-img-lazy-loading-not-3155 avia_image' src=\"https:\/\/freshkampo.com\/en\/wp-content\/uploads\/2021\/03\/vector-hoja-gris.svg\" alt='' title='vector-hoja-gris' height=\"103\" width=\"103\"  itemprop=\"thumbnailUrl\"  \/><\/div><\/div><\/div><br \/>\n<div  style='padding-bottom:0px; margin:20px 0 10px 0; font-size:60px;' class='av-special-heading av-special-heading-h3  blockquote modern-quote modern-centered  avia-builder-el-5  el_after_av_image  el_before_av_heading  av-inherit-size '><h3 class='av-special-heading-tag  av-medium-font-size-overwrite av-medium-font-size-40 av-small-font-size-overwrite av-small-font-size-38 av-mini-font-size-overwrite av-mini-font-size-36'  itemprop=\"headline\"  >Nuestro proceso<\/h3><div class='special-heading-border'><div class='special-heading-inner-border' ><\/div><\/div><\/div><br \/>\n<section class=\"av_textblock_section \"  itemscope=\"itemscope\" itemtype=\"https:\/\/schema.org\/CreativeWork\" ><div class='avia_textblock  '   itemprop=\"text\" ><p class=\"text-center\">Para descubrir por qu\u00e9 las frutas que cultivamos son las m\u00e1s frescas y deliciosas,<br \/>\n te invitamos a dar un recorrido por cada una de las etapas de nuestro proceso de producci\u00f3n.<\/p>\n<\/div><\/section><\/p><\/div><\/div><\/div><\/div><!-- close content main div --><\/div><\/div><div id='after_section_2'  class='main_color av_default_container_wrap container_wrap sidebar_right' style=' '  ><div class='container' ><div class='template-page content  av-content-small alpha units'><div class='post-entry post-entry-type-page post-entry-3431'><div class='entry-content-wrapper clearfix'><\/div><\/div><\/div><!-- close content main div --><\/div><\/div><div id='av_section_3'  class='avia-section main_color avia-section-no-padding avia-no-border-styling  avia-bg-style-scroll   container_wrap sidebar_right' style=' margin-top:0px; margin-bottom:0px; '  ><div class='container' ><div class='template-page content  av-content-small alpha units'><div class='post-entry post-entry-type-page post-entry-3431'><div class='entry-content-wrapper clearfix'>\n<div class=\"flex_column av_one_full  flex_column_div av-zero-column-padding first  \" style='margin-top:50px; margin-bottom:0px; border-radius:0px; '><p><div  class='avia-icon-list-container  '><ul class='avia-icon-list avia-icon-list-left av-iconlist-big avia_animate_when_almost_visible avia-iconlist-animate'>\n<li><div  style='background-color:#3c5923; border:1px solid #3c5923; color:#ffffff; ' class='iconlist_icon  avia-font-entypo-fontello'><span class='iconlist-char ' aria-hidden='true' data-av_icon='\ue819' data-av_iconfont='entypo-fontello'><\/span><\/div><article class=\"article-icon-entry \"  itemscope=\"itemscope\" itemtype=\"https:\/\/schema.org\/CreativeWork\" ><div class='iconlist_content_wrap'><header class=\"entry-content-header\"><h4 class='av_iconlist_title iconlist_title  av_inherit_color  av-medium-font-size-overwrite av-medium-font-size-36 av-small-font-size-overwrite av-small-font-size-34 av-mini-font-size-overwrite av-mini-font-size-32'  itemprop=\"headline\"   style='color:#436392; font-size:40px; '>Convenio con el productor<\/h4><\/header><div class='iconlist_content  '  itemprop=\"text\"  ><p>El primer paso es buscar personas que tengan conocimiento, experiencia y sobre todo, pasi\u00f3n por cultivar la tierra.<\/p>\n<\/div><\/div><footer class=\"entry-footer\"><\/footer><\/article><div class='iconlist-timeline'><\/div><\/li>\n<li><div  style='background-color:#3c5923; border:1px solid #3c5923; color:#ffffff; ' class='iconlist_icon  avia-font-entypo-fontello'><span class='iconlist-char ' aria-hidden='true' data-av_icon='\ue819' data-av_iconfont='entypo-fontello'><\/span><\/div><article class=\"article-icon-entry \"  itemscope=\"itemscope\" itemtype=\"https:\/\/schema.org\/CreativeWork\" ><div class='iconlist_content_wrap'><header class=\"entry-content-header\"><h4 class='av_iconlist_title iconlist_title  av_inherit_color  av-medium-font-size-overwrite av-medium-font-size-36 av-small-font-size-overwrite av-small-font-size-34 av-mini-font-size-overwrite av-mini-font-size-32'  itemprop=\"headline\"   style='color:#436392; font-size:40px; '>Validaci\u00f3n de los campos<\/h4><\/header><div class='iconlist_content  '  itemprop=\"text\"  ><p>La dedicaci\u00f3n y el cuidado son de vital importancia para que la tierra cumpla con las condiciones y par\u00e1metros ideales para la producci\u00f3n. Junto a un clima c\u00e1lido, tierra f\u00e9rtil y el agua m\u00e1s pura para el riego, se conjugan los elementos primordiales para producir frutas de calidad.<\/p>\n<\/div><\/div><footer class=\"entry-footer\"><\/footer><\/article><div class='iconlist-timeline'><\/div><\/li>\n<li><div  style='background-color:#3c5923; border:1px solid #3c5923; color:#ffffff; ' class='iconlist_icon  avia-font-entypo-fontello'><span class='iconlist-char ' aria-hidden='true' data-av_icon='\ue819' data-av_iconfont='entypo-fontello'><\/span><\/div><article class=\"article-icon-entry \"  itemscope=\"itemscope\" itemtype=\"https:\/\/schema.org\/CreativeWork\" ><div class='iconlist_content_wrap'><header class=\"entry-content-header\"><h4 class='av_iconlist_title iconlist_title  av_inherit_color  av-medium-font-size-overwrite av-medium-font-size-36 av-small-font-size-overwrite av-small-font-size-34 av-mini-font-size-overwrite av-mini-font-size-32'  itemprop=\"headline\"   style='color:#436392; font-size:40px; '>Cultivo<\/h4><\/header><div class='iconlist_content  '  itemprop=\"text\"  ><p>Preparamos la tierra aplicando las mejores pr\u00e1cticas agr\u00edcolas. Capacitamos a nuestro personal para cuidar que las semillas que siembran tengan todo lo necesario para crecer y madurar.<\/p>\n<\/div><\/div><footer class=\"entry-footer\"><\/footer><\/article><div class='iconlist-timeline'><\/div><\/li>\n<li><div  style='background-color:#3c5923; border:1px solid #3c5923; color:#ffffff; ' class='iconlist_icon  avia-font-entypo-fontello'><span class='iconlist-char ' aria-hidden='true' data-av_icon='\ue819' data-av_iconfont='entypo-fontello'><\/span><\/div><article class=\"article-icon-entry \"  itemscope=\"itemscope\" itemtype=\"https:\/\/schema.org\/CreativeWork\" ><div class='iconlist_content_wrap'><header class=\"entry-content-header\"><h4 class='av_iconlist_title iconlist_title  av_inherit_color  av-medium-font-size-overwrite av-medium-font-size-36 av-small-font-size-overwrite av-small-font-size-34 av-mini-font-size-overwrite av-mini-font-size-32'  itemprop=\"headline\"   style='color:#436392; font-size:40px; '>Cuidado y desarrollo<\/h4><\/header><div class='iconlist_content  '  itemprop=\"text\"  ><p>Observamos, medimos y vigilamos meticulosamente el crecimiento de nuestras frutas hasta que llega el momento de la cosecha. Alimentamos nuestros cultivos con los nutrientes necesarios y los protegemos para que las condiciones clim\u00e1ticas sean perfectas durante su desarrollo.<\/p>\n<\/div><\/div><footer class=\"entry-footer\"><\/footer><\/article><div class='iconlist-timeline'><\/div><\/li>\n<li><div  style='background-color:#3c5923; border:1px solid #3c5923; color:#ffffff; ' class='iconlist_icon  avia-font-entypo-fontello'><span class='iconlist-char ' aria-hidden='true' data-av_icon='\ue819' data-av_iconfont='entypo-fontello'><\/span><\/div><article class=\"article-icon-entry \"  itemscope=\"itemscope\" itemtype=\"https:\/\/schema.org\/CreativeWork\" ><div class='iconlist_content_wrap'><header class=\"entry-content-header\"><h4 class='av_iconlist_title iconlist_title  av_inherit_color  av-medium-font-size-overwrite av-medium-font-size-36 av-small-font-size-overwrite av-small-font-size-34 av-mini-font-size-overwrite av-mini-font-size-32'  itemprop=\"headline\"   style='color:#436392; font-size:40px; '>Cosecha y empaque<\/h4><\/header><div class='iconlist_content  '  itemprop=\"text\"  ><p>Capacitamos a las personas que cosechar\u00e1n y empacar\u00e1n las frutas en las mejores condiciones. Validamos que nuestras frutas est\u00e9n sanas e inocuas y que posean el color, el peso y la textura ideal para ser cosechadas.<\/p>\n<\/div><\/div><footer class=\"entry-footer\"><\/footer><\/article><div class='iconlist-timeline'><\/div><\/li>\n<li><div  style='background-color:#3c5923; border:1px solid #3c5923; color:#ffffff; ' class='iconlist_icon  avia-font-entypo-fontello'><span class='iconlist-char ' aria-hidden='true' data-av_icon='\ue819' data-av_iconfont='entypo-fontello'><\/span><\/div><article class=\"article-icon-entry \"  itemscope=\"itemscope\" itemtype=\"https:\/\/schema.org\/CreativeWork\" ><div class='iconlist_content_wrap'><header class=\"entry-content-header\"><h4 class='av_iconlist_title iconlist_title  av_inherit_color  av-medium-font-size-overwrite av-medium-font-size-36 av-small-font-size-overwrite av-small-font-size-34 av-mini-font-size-overwrite av-mini-font-size-32'  itemprop=\"headline\"   style='color:#436392; font-size:40px; '>Transporte<\/h4><\/header><div class='iconlist_content  '  itemprop=\"text\"  ><p>Una vez que hemos cosechado y empacado nuestras frutas, inicia el \u00faltimo paso del proceso que es enviarlas bajo las condiciones correctas para que lleguen frescas hasta tu centro de distribuci\u00f3n.<\/p>\n<\/div><\/div><footer class=\"entry-footer\"><\/footer><\/article><div class='iconlist-timeline'><\/div><\/li>\n<\/ul><\/div><br \/>\n<\/p><\/div><\/div><\/div><\/div><!-- close content main div --><\/div><\/div><div id='after_section_3'  class='main_color av_default_container_wrap container_wrap sidebar_right' style=' '  ><div class='container' ><div class='template-page content  av-content-small alpha units'><div class='post-entry post-entry-type-page post-entry-3431'><div class='entry-content-wrapper clearfix'><\/p>\n","protected":false},"excerpt":{"rendered":"","protected":false},"author":1,"featured_media":0,"parent":0,"menu_order":0,"comment_status":"open","ping_status":"closed","template":"","meta":[],"_links":{"self":[{"href":"https:\/\/freshkampo.com\/en\/wp-json\/wp\/v2\/pages\/3431"}],"collection":[{"href":"https:\/\/freshkampo.com\/en\/wp-json\/wp\/v2\/pages"}],"about":[{"href":"https:\/\/freshkampo.com\/en\/wp-json\/wp\/v2\/types\/page"}],"author":[{"embeddable":true,"href":"https:\/\/freshkampo.com\/en\/wp-json\/wp\/v2\/users\/1"}],"replies":[{"embeddable":true,"href":"https:\/\/freshkampo.com\/en\/wp-json\/wp\/v2\/comments?post=3431"}],"version-history":[{"count":14,"href":"https:\/\/freshkampo.com\/en\/wp-json\/wp\/v2\/pages\/3431\/revisions"}],"predecessor-version":[{"id":4485,"href":"https:\/\/freshkampo.com\/en\/wp-json\/wp\/v2\/pages\/3431\/revisions\/4485"}],"wp:attachment":[{"href":"https:\/\/freshkampo.com\/en\/wp-json\/wp\/v2\/media?parent=3431"}],"curies":[{"name":"wp","href":"https:\/\/api.w.org\/{rel}","templated":true}]}}